{"id":343,"date":"2023-07-27T09:40:44","date_gmt":"2023-07-27T07:40:44","guid":{"rendered":"https:\/\/institut-plapamco.ch\/?page_id=343"},"modified":"2024-02-11T08:33:21","modified_gmt":"2024-02-11T07:33:21","slug":"connecting-beans-josef","status":"publish","type":"page","link":"https:\/\/institut-plapamco.ch\/en\/projekte\/connecting-beans-josef\/","title":{"rendered":"Connecting Beans Josef"},"content":{"rendered":"<p class=\"has-text-align-center has-small-font-size\">A neighbourly pole bean sculpture in urban space, Zurich 2023<\/p>\n\n\n\n<p class=\"has-text-align-center has-small-font-size\">by Piero Good<\/p>\n\n\n\n<div style=\"height:100px\" aria-hidden=\"true\" class=\"wp-block-spacer\"><\/div>\n\n\n\n<p>In early summer 2023, I distributed seeds of the ProSpecieRara pole bean \"Von Ennetb\u00fcrgen\" to the residents on the various floors of a house on Josefstrasse in Zurich. I also provided a large flower pot, soil and ropes. The ropes were attached directly to the pot as a climbing aid and pulled up to the gardener's pot on the balcony above. Finally, the seeds were sown.<\/p>\n\n\n\n<p>During the warm weeks of summer, the plants wind their way up the ropes until they finally reach the bean plant on the balcony above and continue to grow on its climbing support. In this way, all the plants combine to form a single bean sculpture that stretches across the entire height of the building.<\/p>\n\n\n\n<p>Over time, the pods ripen into fruits, which can of course be eaten by the gardeners. I gave the balcony gardeners information on how to obtain the seeds. This way, they can harvest their own seeds in autumn and grow them again the following year.<\/p>\n\n\n\n<p>The aim is to use these sensory experiences to strengthen the plant-human relationship and to obtain a resilient bean variety that is adapted to the climatic conditions and changes in the city.<\/p>\n\n\n<div  id=\"jtg-347\" class=\"modula modula-gallery modula-creative-gallery\" data-config=\"{&quot;height&quot;:800,&quot;tabletHeight&quot;:800,&quot;mobileHeight&quot;:300,&quot;desktopHeight&quot;:800,&quot;enableTwitter&quot;:false,&quot;enableWhatsapp&quot;:false,&quot;enableFacebook&quot;:false,&quot;enablePinterest&quot;:false,&quot;enableLinkedin&quot;:false,&quot;enableEmail&quot;:false,&quot;randomFactor&quot;:0.5,&quot;type&quot;:&quot;creative-gallery&quot;,&quot;columns&quot;:12,&quot;gutter&quot;:10,&quot;mobileGutter&quot;:10,&quot;tabletGutter&quot;:10,&quot;desktopGutter&quot;:10,&quot;enableResponsive&quot;:&quot;0&quot;,&quot;tabletColumns&quot;:&quot;2&quot;,&quot;mobileColumns&quot;:&quot;1&quot;,&quot;lazyLoad&quot;:0,&quot;lightboxOpts&quot;:{&quot;animated&quot;:true,&quot;Thumbs&quot;:{&quot;type&quot;:&quot;modern&quot;,&quot;showOnStart&quot;:false},&quot;Toolbar&quot;:{&quot;display&quot;:{&quot;right&quot;:[&quot;close&quot;]},&quot;enabled&quot;:true},&quot;Carousel&quot;:{&quot;Panzoom&quot;:{&quot;touch&quot;:true},&quot;infinite&quot;:false},&quot;keyboard&quot;:{&quot;Escape&quot;:&quot;close&quot;,&quot;Delete&quot;:&quot;close&quot;,&quot;Backspace&quot;:&quot;close&quot;,&quot;PageUp&quot;:false,&quot;PageDown&quot;:false,&quot;ArrowUp&quot;:false,&quot;ArrowDown&quot;:false,&quot;ArrowRight&quot;:false,&quot;ArrowLeft&quot;:false},&quot;touch&quot;:false,&quot;backdropClick&quot;:false,&quot;l10n&quot;:{&quot;CLOSE&quot;:&quot;Close&quot;,&quot;NEXT&quot;:&quot;Next&quot;,&quot;PREV&quot;:&quot;Previous&quot;,&quot;Error&quot;:&quot;The requested content cannot be loaded. Please try again later.&quot;,&quot;PLAY_START&quot;:&quot;Start slideshow&quot;,&quot;PLAY_STOP&quot;:&quot;Pause slideshow&quot;,&quot;FULL_SCREEN&quot;:&quot;Full screen&quot;,&quot;THUMBS&quot;:&quot;Thumbnails&quot;,&quot;DOWNLOAD&quot;:&quot;Download&quot;,&quot;SHARE&quot;:&quot;Share&quot;,&quot;ZOOM&quot;:&quot;Zoom&quot;,&quot;EMAIL&quot;:&quot;Here is the link to the image : %%image_link%% and this is the link to the gallery : %%gallery_link%%&quot;,&quot;MODAL&quot;:&quot;You can close this modal content with the ESC key&quot;,&quot;ERROR&quot;:&quot;Something Went Wrong, Please Try Again Later&quot;,&quot;IMAGE_ERROR&quot;:&quot;Image Not Found&quot;,&quot;ELEMENT_NOT_FOUND&quot;:&quot;HTML Element Not Found&quot;,&quot;AJAX_NOT_FOUND&quot;:&quot;Error Loading AJAX : Not Found&quot;,&quot;AJAX_FORBIDDEN&quot;:&quot;Error Loading AJAX : Forbidden&quot;,&quot;IFRAME_ERROR&quot;:&quot;Error Loading Page&quot;,&quot;TOGGLE_ZOOM&quot;:&quot;Toggle zoom level&quot;,&quot;TOGGLE_THUMBS&quot;:&quot;Toggle thumbnails&quot;,&quot;TOGGLE_SLIDESHOW&quot;:&quot;Toggle slideshow&quot;,&quot;TOGGLE_FULLSCREEN&quot;:&quot;Toggle full-screen mode&quot;},&quot;Images&quot;:{&quot;Panzoom&quot;:{&quot;maxScale&quot;:2}},&quot;mainClass&quot;:&quot;modula-fancybox-container modula-lightbox-jtg-347&quot;,&quot;Html&quot;:{&quot;videoAutoplay&quot;:0,&quot;videoTpl&quot;:&quot;&lt;video class=\\&quot;fancybox__html5video\\&quot; controls muted playsinline controlsList controlsList=\\&quot;nodownload\\&quot; poster=\\&quot;{{poster}}\\&quot; src=\\&quot;{{src}}\\&quot; type=\\&quot;{{format}}\\&quot; &gt;  Sorry, your browser doesn&#039;t support embedded videos, &lt;a href=\\&quot;{{src}}\\&quot;&gt; download &lt;\\\/a&gt; and watch with your favorite video player! &lt;\\\/video&gt;&quot;}},&quot;inView&quot;:false,&quot;email_subject&quot;:&quot;Check out this awesome image !!&quot;,&quot;email_message&quot;:&quot;Here is the link to the image : %%image_link%% and this is the link to the gallery : %%gallery_link%%&quot;,&quot;lightbox&quot;:&quot;fancybox&quot;}\">\n\n\t\n\t<div  class=\"modula-items\">\n\t\t<div class=\"modula-item effect-pufrobo\" >\n\t<div class=\"modula-item-overlay\"><\/div>\n\n\t<div class=\"modula-item-content\">\n\n\t\t<a data-image-id=\"348\" role=\"button\" data-elementor-open-lightbox=\"no\" tabindex=\"0\" rel=\"jtg-347\" data-caption=\"\" aria-label=\"Open image in lightbox\" class=\"tile-inner modula-item-link\"><\/a><img fetchpriority=\"high\" decoding=\"async\" class=\"pic wp-image-348\"  data-valign=\"middle\" data-halign=\"center\" alt=\"\" data-full=\"https:\/\/institut-plapamco.ch\/wp-content\/uploads\/2023\/08\/connecting_beans_josef01.jpg\" title=\"connecting_beans_josef01\" crop=\"\" width=\"1980\" height=\"2640\" src=\"https:\/\/institut-plapamco.ch\/wp-content\/uploads\/2023\/08\/connecting_beans_josef01-1980x2640.jpg\" data-src=\"https:\/\/institut-plapamco.ch\/wp-content\/uploads\/2023\/08\/connecting_beans_josef01-1980x2640.jpg\" data-caption=\"\" srcset=\"https:\/\/institut-plapamco.ch\/wp-content\/uploads\/2023\/08\/connecting_beans_josef01-scaled.jpg 1920w, https:\/\/institut-plapamco.ch\/wp-content\/uploads\/2023\/08\/connecting_beans_josef01-225x300.jpg 225w, https:\/\/institut-plapamco.ch\/wp-content\/uploads\/2023\/08\/connecting_beans_josef01-768x1024.jpg 768w, https:\/\/institut-plapamco.ch\/wp-content\/uploads\/2023\/08\/connecting_beans_josef01-1152x1536.jpg 1152w, https:\/\/institut-plapamco.ch\/wp-content\/uploads\/2023\/08\/connecting_beans_josef01-1536x2048.jpg 1536w, https:\/\/institut-plapamco.ch\/wp-content\/uploads\/2023\/08\/connecting_beans_josef01-1200x1600.jpg 1200w, https:\/\/institut-plapamco.ch\/wp-content\/uploads\/2023\/08\/connecting_beans_josef01-1980x2640.jpg 1980w\" sizes=\"(max-width: 1980px) 100vw, 1980px\" \/>\n\t\t<div class=\"figc no-description\">\n\t\t\t<div class=\"figc-inner\">\n\t\t\t\t\t\t\t\t\t\t\t\t\t\t\t<\/div>\n\t\t<\/div>\n\n\t<\/div>\n\n<\/div><div class=\"modula-item effect-pufrobo\" >\n\t<div class=\"modula-item-overlay\"><\/div>\n\n\t<div class=\"modula-item-content\">\n\n\t\t<a data-image-id=\"349\" role=\"button\" data-elementor-open-lightbox=\"no\" tabindex=\"0\" rel=\"jtg-347\" data-caption=\"\" aria-label=\"Open image in lightbox\" class=\"tile-inner modula-item-link\"><\/a><img decoding=\"async\" class=\"pic wp-image-349\"  data-valign=\"middle\" data-halign=\"center\" alt=\"\" data-full=\"https:\/\/institut-plapamco.ch\/wp-content\/uploads\/2023\/08\/connecting_beans_josef02.jpg\" title=\"connecting_beans_josef02\" crop=\"\" width=\"1980\" height=\"2640\" src=\"https:\/\/institut-plapamco.ch\/wp-content\/uploads\/2023\/08\/connecting_beans_josef02-1980x2640.jpg\" data-src=\"https:\/\/institut-plapamco.ch\/wp-content\/uploads\/2023\/08\/connecting_beans_josef02-1980x2640.jpg\" data-caption=\"\" srcset=\"https:\/\/institut-plapamco.ch\/wp-content\/uploads\/2023\/08\/connecting_beans_josef02-scaled.jpg 1920w, https:\/\/institut-plapamco.ch\/wp-content\/uploads\/2023\/08\/connecting_beans_josef02-225x300.jpg 225w, https:\/\/institut-plapamco.ch\/wp-content\/uploads\/2023\/08\/connecting_beans_josef02-768x1024.jpg 768w, https:\/\/institut-plapamco.ch\/wp-content\/uploads\/2023\/08\/connecting_beans_josef02-1152x1536.jpg 1152w, https:\/\/institut-plapamco.ch\/wp-content\/uploads\/2023\/08\/connecting_beans_josef02-1536x2048.jpg 1536w, https:\/\/institut-plapamco.ch\/wp-content\/uploads\/2023\/08\/connecting_beans_josef02-1200x1600.jpg 1200w, https:\/\/institut-plapamco.ch\/wp-content\/uploads\/2023\/08\/connecting_beans_josef02-1980x2640.jpg 1980w\" sizes=\"(max-width: 1980px) 100vw, 1980px\" \/>\n\t\t<div class=\"figc no-description\">\n\t\t\t<div class=\"figc-inner\">\n\t\t\t\t\t\t\t\t\t\t\t\t\t\t\t<\/div>\n\t\t<\/div>\n\n\t<\/div>\n\n<\/div><div class=\"modula-item effect-pufrobo\" >\n\t<div class=\"modula-item-overlay\"><\/div>\n\n\t<div class=\"modula-item-content\">\n\n\t\t<a data-image-id=\"351\" role=\"button\" data-elementor-open-lightbox=\"no\" tabindex=\"0\" rel=\"jtg-347\" data-caption=\"\" aria-label=\"Open image in lightbox\" class=\"tile-inner modula-item-link\"><\/a><img decoding=\"async\" class=\"pic wp-image-351\"  data-valign=\"middle\" data-halign=\"center\" alt=\"\" data-full=\"https:\/\/institut-plapamco.ch\/wp-content\/uploads\/2023\/08\/DSC8268bk.jpg\" title=\"_DSC8268bk\" crop=\"\" width=\"1476\" height=\"2212\" src=\"https:\/\/institut-plapamco.ch\/wp-content\/uploads\/2023\/08\/DSC8268bk.jpg\" data-src=\"https:\/\/institut-plapamco.ch\/wp-content\/uploads\/2023\/08\/DSC8268bk.jpg\" data-caption=\"\" srcset=\"https:\/\/institut-plapamco.ch\/wp-content\/uploads\/2023\/08\/DSC8268bk.jpg 1476w, https:\/\/institut-plapamco.ch\/wp-content\/uploads\/2023\/08\/DSC8268bk-200x300.jpg 200w, https:\/\/institut-plapamco.ch\/wp-content\/uploads\/2023\/08\/DSC8268bk-683x1024.jpg 683w, https:\/\/institut-plapamco.ch\/wp-content\/uploads\/2023\/08\/DSC8268bk-768x1151.jpg 768w, https:\/\/institut-plapamco.ch\/wp-content\/uploads\/2023\/08\/DSC8268bk-1025x1536.jpg 1025w, https:\/\/institut-plapamco.ch\/wp-content\/uploads\/2023\/08\/DSC8268bk-1367x2048.jpg 1367w, https:\/\/institut-plapamco.ch\/wp-content\/uploads\/2023\/08\/DSC8268bk-1200x1798.jpg 1200w\" sizes=\"(max-width: 1476px) 100vw, 1476px\" \/>\n\t\t<div class=\"figc no-description\">\n\t\t\t<div class=\"figc-inner\">\n\t\t\t\t\t\t\t\t\t\t\t\t\t\t\t<\/div>\n\t\t<\/div>\n\n\t<\/div>\n\n<\/div><div class=\"modula-item effect-pufrobo\" >\n\t<div class=\"modula-item-overlay\"><\/div>\n\n\t<div class=\"modula-item-content\">\n\n\t\t<a data-image-id=\"357\" role=\"button\" data-elementor-open-lightbox=\"no\" tabindex=\"0\" rel=\"jtg-347\" data-caption=\"\" aria-label=\"Open image in lightbox\" class=\"tile-inner modula-item-link\"><\/a><img loading=\"lazy\" decoding=\"async\" class=\"pic wp-image-357\"  data-valign=\"middle\" data-halign=\"center\" alt=\"\" data-full=\"https:\/\/institut-plapamco.ch\/wp-content\/uploads\/2023\/08\/IMG_2270.jpg\" title=\"IMG_2270\" crop=\"\" width=\"1980\" height=\"2640\" src=\"https:\/\/institut-plapamco.ch\/wp-content\/uploads\/2023\/08\/IMG_2270-1980x2640.jpg\" data-src=\"https:\/\/institut-plapamco.ch\/wp-content\/uploads\/2023\/08\/IMG_2270-1980x2640.jpg\" data-caption=\"\" srcset=\"https:\/\/institut-plapamco.ch\/wp-content\/uploads\/2023\/08\/IMG_2270-scaled.jpg 1920w, https:\/\/institut-plapamco.ch\/wp-content\/uploads\/2023\/08\/IMG_2270-225x300.jpg 225w, https:\/\/institut-plapamco.ch\/wp-content\/uploads\/2023\/08\/IMG_2270-768x1024.jpg 768w, https:\/\/institut-plapamco.ch\/wp-content\/uploads\/2023\/08\/IMG_2270-1152x1536.jpg 1152w, https:\/\/institut-plapamco.ch\/wp-content\/uploads\/2023\/08\/IMG_2270-1536x2048.jpg 1536w, https:\/\/institut-plapamco.ch\/wp-content\/uploads\/2023\/08\/IMG_2270-1200x1600.jpg 1200w, https:\/\/institut-plapamco.ch\/wp-content\/uploads\/2023\/08\/IMG_2270-1980x2640.jpg 1980w\" sizes=\"(max-width: 1980px) 100vw, 1980px\" \/>\n\t\t<div class=\"figc no-description\">\n\t\t\t<div class=\"figc-inner\">\n\t\t\t\t\t\t\t\t\t\t\t\t\t\t\t<\/div>\n\t\t<\/div>\n\n\t<\/div>\n\n<\/div><div class=\"modula-item effect-pufrobo\" >\n\t<div class=\"modula-item-overlay\"><\/div>\n\n\t<div class=\"modula-item-content\">\n\n\t\t<a data-image-id=\"358\" role=\"button\" data-elementor-open-lightbox=\"no\" tabindex=\"0\" rel=\"jtg-347\" data-caption=\"\" aria-label=\"Open image in lightbox\" class=\"tile-inner modula-item-link\"><\/a><img loading=\"lazy\" decoding=\"async\" class=\"pic wp-image-358\"  data-valign=\"middle\" data-halign=\"center\" alt=\"\" data-full=\"https:\/\/institut-plapamco.ch\/wp-content\/uploads\/2023\/08\/IMG_5793.jpg\" title=\"IMG_5793\" crop=\"\" width=\"1980\" height=\"2640\" src=\"https:\/\/institut-plapamco.ch\/wp-content\/uploads\/2023\/08\/IMG_5793-1980x2640.jpg\" data-src=\"https:\/\/institut-plapamco.ch\/wp-content\/uploads\/2023\/08\/IMG_5793-1980x2640.jpg\" data-caption=\"\" srcset=\"https:\/\/institut-plapamco.ch\/wp-content\/uploads\/2023\/08\/IMG_5793-scaled.jpg 1920w, https:\/\/institut-plapamco.ch\/wp-content\/uploads\/2023\/08\/IMG_5793-225x300.jpg 225w, https:\/\/institut-plapamco.ch\/wp-content\/uploads\/2023\/08\/IMG_5793-768x1024.jpg 768w, https:\/\/institut-plapamco.ch\/wp-content\/uploads\/2023\/08\/IMG_5793-1152x1536.jpg 1152w, https:\/\/institut-plapamco.ch\/wp-content\/uploads\/2023\/08\/IMG_5793-1536x2048.jpg 1536w, https:\/\/institut-plapamco.ch\/wp-content\/uploads\/2023\/08\/IMG_5793-1200x1600.jpg 1200w, https:\/\/institut-plapamco.ch\/wp-content\/uploads\/2023\/08\/IMG_5793-1980x2640.jpg 1980w\" sizes=\"(max-width: 1980px) 100vw, 1980px\" \/>\n\t\t<div class=\"figc no-description\">\n\t\t\t<div class=\"figc-inner\">\n\t\t\t\t\t\t\t\t\t\t\t\t\t\t\t<\/div>\n\t\t<\/div>\n\n\t<\/div>\n\n<\/div><div class=\"modula-item effect-pufrobo\" >\n\t<div class=\"modula-item-overlay\"><\/div>\n\n\t<div class=\"modula-item-content\">\n\n\t\t<a data-image-id=\"359\" role=\"button\" data-elementor-open-lightbox=\"no\" tabindex=\"0\" rel=\"jtg-347\" data-caption=\"\" aria-label=\"Open image in lightbox\" class=\"tile-inner modula-item-link\"><\/a><img loading=\"lazy\" decoding=\"async\" class=\"pic wp-image-359\"  data-valign=\"middle\" data-halign=\"center\" alt=\"\" data-full=\"https:\/\/institut-plapamco.ch\/wp-content\/uploads\/2023\/08\/IMG_5794.jpg\" title=\"IMG_5794\" crop=\"\" width=\"1980\" height=\"2640\" src=\"https:\/\/institut-plapamco.ch\/wp-content\/uploads\/2023\/08\/IMG_5794-1980x2640.jpg\" data-src=\"https:\/\/institut-plapamco.ch\/wp-content\/uploads\/2023\/08\/IMG_5794-1980x2640.jpg\" data-caption=\"\" srcset=\"https:\/\/institut-plapamco.ch\/wp-content\/uploads\/2023\/08\/IMG_5794-scaled.jpg 1920w, https:\/\/institut-plapamco.ch\/wp-content\/uploads\/2023\/08\/IMG_5794-225x300.jpg 225w, https:\/\/institut-plapamco.ch\/wp-content\/uploads\/2023\/08\/IMG_5794-768x1024.jpg 768w, https:\/\/institut-plapamco.ch\/wp-content\/uploads\/2023\/08\/IMG_5794-1152x1536.jpg 1152w, https:\/\/institut-plapamco.ch\/wp-content\/uploads\/2023\/08\/IMG_5794-1536x2048.jpg 1536w, https:\/\/institut-plapamco.ch\/wp-content\/uploads\/2023\/08\/IMG_5794-1200x1600.jpg 1200w, https:\/\/institut-plapamco.ch\/wp-content\/uploads\/2023\/08\/IMG_5794-1980x2640.jpg 1980w\" sizes=\"(max-width: 1980px) 100vw, 1980px\" \/>\n\t\t<div class=\"figc no-description\">\n\t\t\t<div class=\"figc-inner\">\n\t\t\t\t\t\t\t\t\t\t\t\t\t\t\t<\/div>\n\t\t<\/div>\n\n\t<\/div>\n\n<\/div><div class=\"modula-item effect-pufrobo\" >\n\t<div class=\"modula-item-overlay\"><\/div>\n\n\t<div class=\"modula-item-content\">\n\n\t\t<a data-image-id=\"361\" role=\"button\" data-elementor-open-lightbox=\"no\" tabindex=\"0\" rel=\"jtg-347\" data-caption=\"\" aria-label=\"Open image in lightbox\" class=\"tile-inner modula-item-link\"><\/a><img loading=\"lazy\" decoding=\"async\" class=\"pic wp-image-361\"  data-valign=\"middle\" data-halign=\"center\" alt=\"\" data-full=\"https:\/\/institut-plapamco.ch\/wp-content\/uploads\/2023\/08\/IMG_5798.jpg\" title=\"IMG_5798\" crop=\"\" width=\"1980\" height=\"2640\" src=\"https:\/\/institut-plapamco.ch\/wp-content\/uploads\/2023\/08\/IMG_5798-1980x2640.jpg\" data-src=\"https:\/\/institut-plapamco.ch\/wp-content\/uploads\/2023\/08\/IMG_5798-1980x2640.jpg\" data-caption=\"\" srcset=\"https:\/\/institut-plapamco.ch\/wp-content\/uploads\/2023\/08\/IMG_5798-scaled.jpg 1920w, https:\/\/institut-plapamco.ch\/wp-content\/uploads\/2023\/08\/IMG_5798-225x300.jpg 225w, https:\/\/institut-plapamco.ch\/wp-content\/uploads\/2023\/08\/IMG_5798-768x1024.jpg 768w, https:\/\/institut-plapamco.ch\/wp-content\/uploads\/2023\/08\/IMG_5798-1152x1536.jpg 1152w, https:\/\/institut-plapamco.ch\/wp-content\/uploads\/2023\/08\/IMG_5798-1536x2048.jpg 1536w, https:\/\/institut-plapamco.ch\/wp-content\/uploads\/2023\/08\/IMG_5798-1200x1600.jpg 1200w, https:\/\/institut-plapamco.ch\/wp-content\/uploads\/2023\/08\/IMG_5798-1980x2640.jpg 1980w\" sizes=\"(max-width: 1980px) 100vw, 1980px\" \/>\n\t\t<div class=\"figc no-description\">\n\t\t\t<div class=\"figc-inner\">\n\t\t\t\t\t\t\t\t\t\t\t\t\t\t\t<\/div>\n\t\t<\/div>\n\n\t<\/div>\n\n<\/div><div class=\"modula-item effect-pufrobo\" >\n\t<div class=\"modula-item-overlay\"><\/div>\n\n\t<div class=\"modula-item-content\">\n\n\t\t<a data-image-id=\"362\" role=\"button\" data-elementor-open-lightbox=\"no\" tabindex=\"0\" rel=\"jtg-347\" data-caption=\"\" aria-label=\"Open image in lightbox\" class=\"tile-inner modula-item-link\"><\/a><img loading=\"lazy\" decoding=\"async\" class=\"pic wp-image-362\"  data-valign=\"middle\" data-halign=\"center\" alt=\"\" data-full=\"https:\/\/institut-plapamco.ch\/wp-content\/uploads\/2023\/09\/IMG_3689.jpg\" title=\"IMG_3689\" crop=\"\" width=\"1980\" height=\"2640\" src=\"https:\/\/institut-plapamco.ch\/wp-content\/uploads\/2023\/09\/IMG_3689-1980x2640.jpg\" data-src=\"https:\/\/institut-plapamco.ch\/wp-content\/uploads\/2023\/09\/IMG_3689-1980x2640.jpg\" data-caption=\"\" srcset=\"https:\/\/institut-plapamco.ch\/wp-content\/uploads\/2023\/09\/IMG_3689-scaled.jpg 1920w, https:\/\/institut-plapamco.ch\/wp-content\/uploads\/2023\/09\/IMG_3689-225x300.jpg 225w, https:\/\/institut-plapamco.ch\/wp-content\/uploads\/2023\/09\/IMG_3689-768x1024.jpg 768w, https:\/\/institut-plapamco.ch\/wp-content\/uploads\/2023\/09\/IMG_3689-1152x1536.jpg 1152w, https:\/\/institut-plapamco.ch\/wp-content\/uploads\/2023\/09\/IMG_3689-1536x2048.jpg 1536w, https:\/\/institut-plapamco.ch\/wp-content\/uploads\/2023\/09\/IMG_3689-1200x1600.jpg 1200w, https:\/\/institut-plapamco.ch\/wp-content\/uploads\/2023\/09\/IMG_3689-1980x2640.jpg 1980w\" sizes=\"(max-width: 1980px) 100vw, 1980px\" \/>\n\t\t<div class=\"figc no-description\">\n\t\t\t<div class=\"figc-inner\">\n\t\t\t\t\t\t\t\t\t\t\t\t\t\t\t<\/div>\n\t\t<\/div>\n\n\t<\/div>\n\n<\/div>\t\t\n\t<\/div>\n\n\t\n\t\n\t<script type=\"application\/ld+json\">\n\t{\n\t\t\"@context\": \"https:\/\/schema.org\",\n\t\t\"@type\"   : \"ImageGallery\",\n\t\t\"id\"      : \"https:\/\/institut-plapamco.ch\/en\/projekte\/connecting-beans-josef\/#modula-gallery-347\",\n\t\t\"url\"     : \"https:\/\/institut-plapamco.ch\/en\/projekte\/connecting-beans-josef\/\"\n\t}\n\n\t<\/script>\n\n\t\n<\/div>\n\n\n\n\n<div style=\"height:100px\" aria-hidden=\"true\" class=\"wp-block-spacer\"><\/div>\n\n\n\n<p><\/p>\n\n\n\n<div class=\"wp-block-columns is-layout-flex wp-container-core-columns-is-layout-d0b3c9c8 wp-block-columns-is-layout-flex\">\n<div class=\"wp-block-column is-layout-flow wp-block-column-is-layout-flow\" style=\"--col-width:100%;flex-basis:100%\">\n<div class=\"wp-block-cover is-light\" style=\"min-height:272px;aspect-ratio:unset;\"><span aria-hidden=\"true\" class=\"wp-block-cover__background has-background-dim\"><\/span><div class=\"wp-block-cover__inner-container is-layout-flow wp-block-cover-is-layout-flow\">\n<div class=\"wp-block-group\"><div class=\"wp-block-group__inner-container is-layout-flow wp-block-group-is-layout-flow\"><\/div><\/div>\n<\/div><\/div>\n<\/div>\n<\/div>\n\n\n\n<div style=\"height:100px\" aria-hidden=\"true\" class=\"wp-block-spacer\"><\/div>\n\n\n\n<p><\/p>","protected":false},"excerpt":{"rendered":"<p>Eine nachbarschaftliche Stangenbohnenskulptur im urbanen Raum, Z\u00fcrich 2023 von Piero Good Im Fr\u00fchsommer 2023 habe ich in einem Haus an der Josefstrasse in Z\u00fcrich Samen der ProSpecieRara Stangenbohne &#8222;Von Ennetb\u00fcrgen&#8220; an die Bewohner:innen der verschiedenen Stockwerke verteilt. Ausserdem stellte ich einen grossen Blumentopf, Erde und Seile zur Verf\u00fcgung. Direkt beim Topf wurden die Seile als&hellip;<\/p>","protected":false},"author":1,"featured_media":0,"parent":11,"menu_order":5,"comment_status":"closed","ping_status":"closed","template":"","meta":{"footnotes":""},"class_list":["post-343","page","type-page","status-publish","hentry"],"_links":{"self":[{"href":"https:\/\/institut-plapamco.ch\/en\/wp-json\/wp\/v2\/pages\/343","targetHints":{"allow":["GET"]}}],"collection":[{"href":"https:\/\/institut-plapamco.ch\/en\/wp-json\/wp\/v2\/pages"}],"about":[{"href":"https:\/\/institut-plapamco.ch\/en\/wp-json\/wp\/v2\/types\/page"}],"author":[{"embeddable":true,"href":"https:\/\/institut-plapamco.ch\/en\/wp-json\/wp\/v2\/users\/1"}],"replies":[{"embeddable":true,"href":"https:\/\/institut-plapamco.ch\/en\/wp-json\/wp\/v2\/comments?post=343"}],"version-history":[{"count":4,"href":"https:\/\/institut-plapamco.ch\/en\/wp-json\/wp\/v2\/pages\/343\/revisions"}],"predecessor-version":[{"id":591,"href":"https:\/\/institut-plapamco.ch\/en\/wp-json\/wp\/v2\/pages\/343\/revisions\/591"}],"up":[{"embeddable":true,"href":"https:\/\/institut-plapamco.ch\/en\/wp-json\/wp\/v2\/pages\/11"}],"wp:attachment":[{"href":"https:\/\/institut-plapamco.ch\/en\/wp-json\/wp\/v2\/media?parent=343"}],"curies":[{"name":"wp","href":"https:\/\/api.w.org\/{rel}","templated":true}]}}