{"id":2,"date":"2022-04-28T12:24:27","date_gmt":"2022-04-28T12:24:27","guid":{"rendered":"https:\/\/515twasfgl.preview.infomaniak.website\/?page_id=2"},"modified":"2024-08-30T09:36:35","modified_gmt":"2024-08-30T07:36:35","slug":"ueber","status":"publish","type":"page","link":"https:\/\/institut-plapamco.ch\/en\/ueber\/","title":{"rendered":"About"},"content":{"rendered":"<p><\/p>\n\n\n\n<p><strong>Institut Plapamco&nbsp; <\/strong>\u2013 <strong><em>Plants, People and More: Cohabitation<\/em><\/strong><\/p>\n\n\n\n<p><\/p>\n\n\n\n<p>Unter dem Namen<em> <\/em>Institut Plapamco\u00a0finden partizipative Projekte statt, die unsere Beziehung zu Pflanzen und anderen mehr-als-menschlichen-Wesen kritisch betrachten. Die Projekte sind stets im gr\u00f6sseren Kontext der \u00d6kologie, der Nachhaltigkeit und der sozialen Interaktion eingebettet. Sie sprechen die Sprache der zeitgen\u00f6ssischen Kunst, hinterfragen politische und \u00f6konomische Konzepte und versuchen in erster Linie sich auf verschiedenen Ebenen unseren Verb\u00fcndeten anzun\u00e4hern.<\/p>\n\n\n\n<p>The Plapamco Institute association, based in Biel\/Bienne, was founded by Piero Good and Alexandra Baumgartner in spring 2023. The board members are Piero Good, Alexandra Baumgartner and Kim Lang. The project is still growing and our website is in the process of being created.<\/p>\n\n\n\n<p><\/p>\n\n\n\n<p><a href=\"mailto:hello@institut-plapamco.ch\">hello(at)institut-plapamco.ch<\/a><\/p>","protected":false},"excerpt":{"rendered":"<p>Institut Plapamco&nbsp; \u2013 Plants, People and More: Cohabitation Unter dem Namen Institut Plapamco\u00a0finden partizipative Projekte statt, die unsere Beziehung zu Pflanzen und anderen mehr-als-menschlichen-Wesen kritisch betrachten. Die Projekte sind stets im gr\u00f6sseren Kontext der \u00d6kologie, der Nachhaltigkeit und der sozialen Interaktion eingebettet. Sie sprechen die Sprache der zeitgen\u00f6ssischen Kunst, hinterfragen politische und \u00f6konomische Konzepte und&hellip;<\/p>","protected":false},"author":1,"featured_media":0,"parent":0,"menu_order":0,"comment_status":"closed","ping_status":"open","template":"","meta":{"footnotes":""},"class_list":["post-2","page","type-page","status-publish","hentry"],"_links":{"self":[{"href":"https:\/\/institut-plapamco.ch\/en\/wp-json\/wp\/v2\/pages\/2","targetHints":{"allow":["GET"]}}],"collection":[{"href":"https:\/\/institut-plapamco.ch\/en\/wp-json\/wp\/v2\/pages"}],"about":[{"href":"https:\/\/institut-plapamco.ch\/en\/wp-json\/wp\/v2\/types\/page"}],"author":[{"embeddable":true,"href":"https:\/\/institut-plapamco.ch\/en\/wp-json\/wp\/v2\/users\/1"}],"replies":[{"embeddable":true,"href":"https:\/\/institut-plapamco.ch\/en\/wp-json\/wp\/v2\/comments?post=2"}],"version-history":[{"count":15,"href":"https:\/\/institut-plapamco.ch\/en\/wp-json\/wp\/v2\/pages\/2\/revisions"}],"predecessor-version":[{"id":645,"href":"https:\/\/institut-plapamco.ch\/en\/wp-json\/wp\/v2\/pages\/2\/revisions\/645"}],"wp:attachment":[{"href":"https:\/\/institut-plapamco.ch\/en\/wp-json\/wp\/v2\/media?parent=2"}],"curies":[{"name":"wp","href":"https:\/\/api.w.org\/{rel}","templated":true}]}}